{"id":17273,"date":"2025-01-27T09:12:04","date_gmt":"2025-01-27T09:12:04","guid":{"rendered":"https:\/\/new.osmanlioud.co\/?post_type=product&#038;p=17273"},"modified":"2025-11-13T07:25:01","modified_gmt":"2025-11-13T07:25:01","slug":"keykubad-eau-de-perfum","status":"publish","type":"product","link":"https:\/\/sa.osmanlioud.net\/md\/en\/product\/keykubad-eau-de-perfum\/","title":{"rendered":"Keykubad &#8211; EAU De Perfum"},"content":{"rendered":"\t\t<div data-elementor-type=\"wp-post\" data-elementor-id=\"17273\" class=\"elementor elementor-17273\">\n\t\t\t\t\t\t<section class=\"wd-negative-gap elementor-section elementor-top-section elementor-element elementor-element-f335c48 elementor-section-boxed elementor-section-height-default elementor-section-height-default\" data-id=\"f335c48\" data-element_type=\"section\" data-e-type=\"section\">\n\t\t\t\t\t\t<div class=\"elementor-container elementor-column-gap-default\">\n\t\t\t\t\t<div class=\"elementor-column elementor-col-100 elementor-top-column elementor-element elementor-element-b982906\" data-id=\"b982906\" data-element_type=\"column\" data-e-type=\"column\">\n\t\t\t<div class=\"elementor-widget-wrap elementor-element-populated\">\n\t\t\t\t\t\t<div class=\"elementor-element elementor-element-c647244 elementor-widget elementor-widget-wd_text_block\" data-id=\"c647244\" data-element_type=\"widget\" data-e-type=\"widget\" data-widget_type=\"wd_text_block.default\">\n\t\t\t\t<div class=\"elementor-widget-container\">\n\t\t\t\t\t\t\t<div class=\"wd-text-block reset-last-child text-left\">\n\t\t\t\n\t\t\t<p>KEYKUBAD is a men's perfume from the Osmanli Oud WARRIORS collection.<p>The 65 ml bottle with a new design is eye-catching.<p>The aromatic notes of the perfume are; plum, ozonic notes, grapefruit, and bergamot in the top notes, hazelnut, honey, cedar, cashmere wood, jasmine, and orange blossom in the middle notes, and amber, patchouli, oakmoss, and vetiver in the base notes.<p>KEYKUBAD can be described as the scent of a charismatic and elegant man. The opening notes of plum and ozonic notes add energy and vitality to the perfume, while grapefruit and bergamot add freshness and dynamism. The middle notes of hazelnut, honey, cedar, and cashmere wood add warmth and depth to the perfume. The base notes of amber, patchouli, oakmoss, and vetiver add richness and harmony to the perfume.<p>KEYKUBAD is a perfume suitable for both everyday use and special occasions. KEYKUBAD, which will complement the style of a charismatic and elegant man, is a long-lasting perfume.\n\t\t\t\t\t<\/div>\n\t\t\t\t\t\t<\/div>\n\t\t\t\t<\/div>\n\t\t\t\t\t<\/div>\n\t\t<\/div>\n\t\t\t\t\t<\/div>\n\t\t<\/section>\n\t\t\t\t<\/div>\n\t\t","protected":false},"excerpt":{"rendered":"<p>KEYKUBAD, Osmanl\u0131 Oud&#8217;un L\u00fcks koleksiyonundan karizmatik ve zarif bir erke\u011fin kokusu.<\/p>\n","protected":false},"featured_media":15973,"comment_status":"open","ping_status":"closed","template":"","meta":[],"product_brand":[],"product_cat":[1348,1407,1343,1406],"product_tag":[],"class_list":{"0":"post-17273","1":"product","2":"type-product","3":"status-publish","4":"has-post-thumbnail","6":"product_cat-men-perfumes","7":"product_cat-men-warriors","8":"product_cat-perfumes","9":"product_cat-warriors","11":"first","12":"outofstock","13":"shipping-taxable","14":"purchasable","15":"product-type-simple"},"yoast_head":"<!-- This site is optimized with the Yoast SEO plugin v26.9 - https:\/\/yoast.com\/product\/yoast-seo-wordpress\/ -->\n<title>Keykubad - EAU De Perfum - OSMANLIOUD<\/title>\n<meta name=\"description\" content=\"Discover Keykubad - EAU De Perfum from our Men Perfumes, Men Warriors, Perfumes, Warriors collection \u2014 a fragrance inspired by the splendor of Ottoman palaces with a modern touch that lingers in memory.\" \/>\n<meta name=\"robots\" content=\"index, follow, max-snippet:-1, max-image-preview:large, max-video-preview:-1\" \/>\n<link rel=\"canonical\" href=\"https:\/\/sa.osmanlioud.net\/md\/en\/product\/keykubad-eau-de-perfum\/\" \/>\n<meta property=\"og:locale\" content=\"en_US\" \/>\n<meta property=\"og:type\" content=\"article\" \/>\n<meta property=\"og:title\" content=\"Keykubad - EAU De Perfum - OSMANLIOUD\" \/>\n<meta property=\"og:description\" content=\"Discover Keykubad - EAU De Perfum from our Men Perfumes, Men Warriors, Perfumes, Warriors collection \u2014 a fragrance inspired by the splendor of Ottoman palaces with a modern touch that lingers in memory.\" \/>\n<meta property=\"og:url\" content=\"https:\/\/sa.osmanlioud.net\/md\/en\/product\/keykubad-eau-de-perfum\/\" \/>\n<meta property=\"og:site_name\" content=\"OSMANLIOUD\" \/>\n<meta property=\"article:publisher\" content=\"https:\/\/www.facebook.com\/osmanlioud.iraq\/\" \/>\n<meta property=\"article:modified_time\" content=\"2025-11-13T07:25:01+00:00\" \/>\n<meta property=\"og:image\" content=\"https:\/\/sa.osmanlioud.net\/md\/wp-content\/uploads\/2025\/01\/4126-Keykubad-600-800.jpg\" \/>\n\t<meta property=\"og:image:width\" content=\"600\" \/>\n\t<meta property=\"og:image:height\" content=\"800\" \/>\n\t<meta property=\"og:image:type\" content=\"image\/jpeg\" \/>\n<meta name=\"twitter:card\" content=\"summary_large_image\" \/>\n<script type=\"application\/ld+json\" class=\"yoast-schema-graph\">{\"@context\":\"https:\/\/schema.org\",\"@graph\":[{\"@type\":\"WebPage\",\"@id\":\"https:\/\/sa.osmanlioud.net\/md\/en\/product\/keykubad-eau-de-perfum\/\",\"url\":\"https:\/\/sa.osmanlioud.net\/md\/en\/product\/keykubad-eau-de-perfum\/\",\"name\":\"Keykubad - EAU De Perfum - OSMANLIOUD\",\"isPartOf\":{\"@id\":\"https:\/\/sa.osmanlioud.net\/md\/#website\"},\"primaryImageOfPage\":{\"@id\":\"https:\/\/sa.osmanlioud.net\/md\/en\/product\/keykubad-eau-de-perfum\/#primaryimage\"},\"image\":{\"@id\":\"https:\/\/sa.osmanlioud.net\/md\/en\/product\/keykubad-eau-de-perfum\/#primaryimage\"},\"thumbnailUrl\":\"https:\/\/sa.osmanlioud.net\/md\/wp-content\/uploads\/2025\/01\/4126-Keykubad-600-800.jpg\",\"datePublished\":\"2025-01-27T09:12:04+00:00\",\"dateModified\":\"2025-11-13T07:25:01+00:00\",\"description\":\"Discover Keykubad - EAU De Perfum from our Men Perfumes, Men Warriors, Perfumes, Warriors collection \u2014 a fragrance inspired by the splendor of Ottoman palaces with a modern touch that lingers in memory.\",\"breadcrumb\":{\"@id\":\"https:\/\/sa.osmanlioud.net\/md\/en\/product\/keykubad-eau-de-perfum\/#breadcrumb\"},\"inLanguage\":\"en-US\",\"potentialAction\":[{\"@type\":\"ReadAction\",\"target\":[\"https:\/\/sa.osmanlioud.net\/md\/en\/product\/keykubad-eau-de-perfum\/\"]}]},{\"@type\":\"ImageObject\",\"inLanguage\":\"en-US\",\"@id\":\"https:\/\/sa.osmanlioud.net\/md\/en\/product\/keykubad-eau-de-perfum\/#primaryimage\",\"url\":\"https:\/\/sa.osmanlioud.net\/md\/wp-content\/uploads\/2025\/01\/4126-Keykubad-600-800.jpg\",\"contentUrl\":\"https:\/\/sa.osmanlioud.net\/md\/wp-content\/uploads\/2025\/01\/4126-Keykubad-600-800.jpg\",\"width\":600,\"height\":800},{\"@type\":\"BreadcrumbList\",\"@id\":\"https:\/\/sa.osmanlioud.net\/md\/en\/product\/keykubad-eau-de-perfum\/#breadcrumb\",\"itemListElement\":[{\"@type\":\"ListItem\",\"position\":1,\"name\":\"\u0627\u0644\u0631\u0626\u064a\u0633\u064a\u0629\",\"item\":\"https:\/\/sa.osmanlioud.net\/md\/en\/\"},{\"@type\":\"ListItem\",\"position\":2,\"name\":\"Shop\",\"item\":\"https:\/\/sa.osmanlioud.net\/md\/en\/shop\/\"},{\"@type\":\"ListItem\",\"position\":3,\"name\":\"Keykubad &#8211; EAU De Perfum\"}]},{\"@type\":\"WebSite\",\"@id\":\"https:\/\/sa.osmanlioud.net\/md\/#website\",\"url\":\"https:\/\/sa.osmanlioud.net\/md\/\",\"name\":\"OSMANLIOUD\",\"description\":\"THE IMPRESSIVE SCENT OF THE EMPIRE\",\"publisher\":{\"@id\":\"https:\/\/sa.osmanlioud.net\/md\/#organization\"},\"potentialAction\":[{\"@type\":\"SearchAction\",\"target\":{\"@type\":\"EntryPoint\",\"urlTemplate\":\"https:\/\/sa.osmanlioud.net\/md\/?s={search_term_string}\"},\"query-input\":{\"@type\":\"PropertyValueSpecification\",\"valueRequired\":true,\"valueName\":\"search_term_string\"}}],\"inLanguage\":\"en-US\"},{\"@type\":\"Organization\",\"@id\":\"https:\/\/sa.osmanlioud.net\/md\/#organization\",\"name\":\"OSMANLIOUD\",\"url\":\"https:\/\/sa.osmanlioud.net\/md\/\",\"logo\":{\"@type\":\"ImageObject\",\"inLanguage\":\"en-US\",\"@id\":\"https:\/\/sa.osmanlioud.net\/md\/#\/schema\/logo\/image\/\",\"url\":\"\",\"contentUrl\":\"\",\"caption\":\"OSMANLIOUD\"},\"image\":{\"@id\":\"https:\/\/sa.osmanlioud.net\/md\/#\/schema\/logo\/image\/\"},\"sameAs\":[\"https:\/\/www.facebook.com\/osmanlioud.iraq\/\",\"https:\/\/www.instagram.com\/osmanlioud.iraq\/?hl=ar\"]}]}<\/script>\n<!-- \/ Yoast SEO plugin. -->","yoast_head_json":{"title":"Keykubad - EAU De Perfum - OSMANLIOUD","description":"Discover Keykubad - EAU De Perfum from our Men Perfumes, Men Warriors, Perfumes, Warriors collection \u2014 a fragrance inspired by the splendor of Ottoman palaces with a modern touch that lingers in memory.","robots":{"index":"index","follow":"follow","max-snippet":"max-snippet:-1","max-image-preview":"max-image-preview:large","max-video-preview":"max-video-preview:-1"},"canonical":"https:\/\/sa.osmanlioud.net\/md\/en\/product\/keykubad-eau-de-perfum\/","og_locale":"en_US","og_type":"article","og_title":"Keykubad - EAU De Perfum - OSMANLIOUD","og_description":"Discover Keykubad - EAU De Perfum from our Men Perfumes, Men Warriors, Perfumes, Warriors collection \u2014 a fragrance inspired by the splendor of Ottoman palaces with a modern touch that lingers in memory.","og_url":"https:\/\/sa.osmanlioud.net\/md\/en\/product\/keykubad-eau-de-perfum\/","og_site_name":"OSMANLIOUD","article_publisher":"https:\/\/www.facebook.com\/osmanlioud.iraq\/","article_modified_time":"2025-11-13T07:25:01+00:00","og_image":[{"width":600,"height":800,"url":"https:\/\/sa.osmanlioud.net\/md\/wp-content\/uploads\/2025\/01\/4126-Keykubad-600-800.jpg","type":"image\/jpeg"}],"twitter_card":"summary_large_image","schema":{"@context":"https:\/\/schema.org","@graph":[{"@type":"WebPage","@id":"https:\/\/sa.osmanlioud.net\/md\/en\/product\/keykubad-eau-de-perfum\/","url":"https:\/\/sa.osmanlioud.net\/md\/en\/product\/keykubad-eau-de-perfum\/","name":"Keykubad - EAU De Perfum - OSMANLIOUD","isPartOf":{"@id":"https:\/\/sa.osmanlioud.net\/md\/#website"},"primaryImageOfPage":{"@id":"https:\/\/sa.osmanlioud.net\/md\/en\/product\/keykubad-eau-de-perfum\/#primaryimage"},"image":{"@id":"https:\/\/sa.osmanlioud.net\/md\/en\/product\/keykubad-eau-de-perfum\/#primaryimage"},"thumbnailUrl":"https:\/\/sa.osmanlioud.net\/md\/wp-content\/uploads\/2025\/01\/4126-Keykubad-600-800.jpg","datePublished":"2025-01-27T09:12:04+00:00","dateModified":"2025-11-13T07:25:01+00:00","description":"Discover Keykubad - EAU De Perfum from our Men Perfumes, Men Warriors, Perfumes, Warriors collection \u2014 a fragrance inspired by the splendor of Ottoman palaces with a modern touch that lingers in memory.","breadcrumb":{"@id":"https:\/\/sa.osmanlioud.net\/md\/en\/product\/keykubad-eau-de-perfum\/#breadcrumb"},"inLanguage":"en-US","potentialAction":[{"@type":"ReadAction","target":["https:\/\/sa.osmanlioud.net\/md\/en\/product\/keykubad-eau-de-perfum\/"]}]},{"@type":"ImageObject","inLanguage":"en-US","@id":"https:\/\/sa.osmanlioud.net\/md\/en\/product\/keykubad-eau-de-perfum\/#primaryimage","url":"https:\/\/sa.osmanlioud.net\/md\/wp-content\/uploads\/2025\/01\/4126-Keykubad-600-800.jpg","contentUrl":"https:\/\/sa.osmanlioud.net\/md\/wp-content\/uploads\/2025\/01\/4126-Keykubad-600-800.jpg","width":600,"height":800},{"@type":"BreadcrumbList","@id":"https:\/\/sa.osmanlioud.net\/md\/en\/product\/keykubad-eau-de-perfum\/#breadcrumb","itemListElement":[{"@type":"ListItem","position":1,"name":"\u0627\u0644\u0631\u0626\u064a\u0633\u064a\u0629","item":"https:\/\/sa.osmanlioud.net\/md\/en\/"},{"@type":"ListItem","position":2,"name":"Shop","item":"https:\/\/sa.osmanlioud.net\/md\/en\/shop\/"},{"@type":"ListItem","position":3,"name":"Keykubad &#8211; EAU De Perfum"}]},{"@type":"WebSite","@id":"https:\/\/sa.osmanlioud.net\/md\/#website","url":"https:\/\/sa.osmanlioud.net\/md\/","name":"OSMANLIOUD","description":"THE IMPRESSIVE SCENT OF THE EMPIRE","publisher":{"@id":"https:\/\/sa.osmanlioud.net\/md\/#organization"},"potentialAction":[{"@type":"SearchAction","target":{"@type":"EntryPoint","urlTemplate":"https:\/\/sa.osmanlioud.net\/md\/?s={search_term_string}"},"query-input":{"@type":"PropertyValueSpecification","valueRequired":true,"valueName":"search_term_string"}}],"inLanguage":"en-US"},{"@type":"Organization","@id":"https:\/\/sa.osmanlioud.net\/md\/#organization","name":"OSMANLIOUD","url":"https:\/\/sa.osmanlioud.net\/md\/","logo":{"@type":"ImageObject","inLanguage":"en-US","@id":"https:\/\/sa.osmanlioud.net\/md\/#\/schema\/logo\/image\/","url":"","contentUrl":"","caption":"OSMANLIOUD"},"image":{"@id":"https:\/\/sa.osmanlioud.net\/md\/#\/schema\/logo\/image\/"},"sameAs":["https:\/\/www.facebook.com\/osmanlioud.iraq\/","https:\/\/www.instagram.com\/osmanlioud.iraq\/?hl=ar"]}]}},"_links":{"self":[{"href":"https:\/\/sa.osmanlioud.net\/md\/en\/wp-json\/wp\/v2\/product\/17273","targetHints":{"allow":["GET"]}}],"collection":[{"href":"https:\/\/sa.osmanlioud.net\/md\/en\/wp-json\/wp\/v2\/product"}],"about":[{"href":"https:\/\/sa.osmanlioud.net\/md\/en\/wp-json\/wp\/v2\/types\/product"}],"replies":[{"embeddable":true,"href":"https:\/\/sa.osmanlioud.net\/md\/en\/wp-json\/wp\/v2\/comments?post=17273"}],"version-history":[{"count":0,"href":"https:\/\/sa.osmanlioud.net\/md\/en\/wp-json\/wp\/v2\/product\/17273\/revisions"}],"wp:featuredmedia":[{"embeddable":true,"href":"https:\/\/sa.osmanlioud.net\/md\/en\/wp-json\/wp\/v2\/media\/15973"}],"wp:attachment":[{"href":"https:\/\/sa.osmanlioud.net\/md\/en\/wp-json\/wp\/v2\/media?parent=17273"}],"wp:term":[{"taxonomy":"product_brand","embeddable":true,"href":"https:\/\/sa.osmanlioud.net\/md\/en\/wp-json\/wp\/v2\/product_brand?post=17273"},{"taxonomy":"product_cat","embeddable":true,"href":"https:\/\/sa.osmanlioud.net\/md\/en\/wp-json\/wp\/v2\/product_cat?post=17273"},{"taxonomy":"product_tag","embeddable":true,"href":"https:\/\/sa.osmanlioud.net\/md\/en\/wp-json\/wp\/v2\/product_tag?post=17273"}],"curies":[{"name":"wp","href":"https:\/\/api.w.org\/{rel}","templated":true}]}}