{"id":19219,"date":"2021-10-12T16:27:24","date_gmt":"2021-10-12T16:27:24","guid":{"rendered":"https:\/\/new.osmanlioud.co\/%d8%a7%d8%aa%d8%b5%d9%84-%d8%a8%d9%86%d8%a7\/"},"modified":"2025-03-27T08:56:54","modified_gmt":"2025-03-27T08:56:54","slug":"%d8%a7%d8%aa%d8%b5%d9%84-%d8%a8%d9%86%d8%a7","status":"publish","type":"page","link":"https:\/\/sa.osmanlioud.net\/md\/%d8%a7%d8%aa%d8%b5%d9%84-%d8%a8%d9%86%d8%a7\/","title":{"rendered":"\u0627\u062a\u0635\u0644 \u0628\u0646\u0627"},"content":{"rendered":"\t\t<div data-elementor-type=\"wp-page\" data-elementor-id=\"19219\" class=\"elementor elementor-19219 elementor-4439\">\n\t\t\t\t<div class=\"elementor-element elementor-element-68d0e93 wd-section-stretch-content e-flex e-con-boxed e-con e-parent\" data-id=\"68d0e93\" data-element_type=\"container\" data-e-type=\"container\">\n\t\t\t\t\t<div class=\"e-con-inner\">\n\t\t\t\t<div class=\"elementor-element elementor-element-fca29d4 elementor-widget elementor-widget-google_maps\" data-id=\"fca29d4\" data-element_type=\"widget\" data-e-type=\"widget\" data-widget_type=\"google_maps.default\">\n\t\t\t\t<div class=\"elementor-widget-container\">\n\t\t\t\t\t\t\t<div class=\"elementor-custom-embed\">\n\t\t\t<iframe loading=\"lazy\"\n\t\t\t\t\tsrc=\"https:\/\/maps.google.com\/maps?q=Mahmutbey%2C%20%C4%B0STO%C3%87%20Oto%20Ticaret%20Mrk.%20No%3A1%2C%2034218%20Ba%C4%9Fc%C4%B1lar%2F%C4%B0stanbul&#038;t=m&#038;z=14&#038;output=embed&#038;iwloc=near\"\n\t\t\t\t\ttitle=\"Mahmutbey, \u0130STO\u00c7 Oto Ticaret Mrk. No:1, 34218 Ba\u011fc\u0131lar\/\u0130stanbul\"\n\t\t\t\t\taria-label=\"Mahmutbey, \u0130STO\u00c7 Oto Ticaret Mrk. No:1, 34218 Ba\u011fc\u0131lar\/\u0130stanbul\"\n\t\t\t><\/iframe>\n\t\t<\/div>\n\t\t\t\t\t\t<\/div>\n\t\t\t\t<\/div>\n\t\t\t\t\t<\/div>\n\t\t\t\t<\/div>\n\t\t<div class=\"wd-negative-gap elementor-element elementor-element-cb322d0 e-flex e-con-boxed e-con e-parent\" data-id=\"cb322d0\" data-element_type=\"container\" data-e-type=\"container\">\n\t\t\t\t\t<div class=\"e-con-inner\">\n\t\t<div class=\"elementor-element elementor-element-1f0abe4 e-con-full e-flex e-con e-child\" data-id=\"1f0abe4\" data-element_type=\"container\" data-e-type=\"container\">\n\t\t\t\t<div class=\"elementor-element elementor-element-3b634bb elementor-widget elementor-widget-wd_image_or_svg\" data-id=\"3b634bb\" data-element_type=\"widget\" data-e-type=\"widget\" data-widget_type=\"wd_image_or_svg.default\">\n\t\t\t\t<div class=\"elementor-widget-container\">\n\t\t\t\t\t\n\t\t<div class=\"wd-image text-center\">\n\t\t\t\t\t\t\t\t<img fetchpriority=\"high\" decoding=\"async\" width=\"400\" height=\"282\" src=\"https:\/\/sa.osmanlioud.net\/md\/wp-content\/uploads\/2025\/01\/OsmanliOud-Logo-400x282.png\" class=\"attachment-medium size-medium\" alt=\"\" srcset=\"https:\/\/sa.osmanlioud.net\/md\/wp-content\/uploads\/2025\/01\/OsmanliOud-Logo-400x282.png 400w, https:\/\/sa.osmanlioud.net\/md\/wp-content\/uploads\/2025\/01\/OsmanliOud-Logo-430x303.png 430w, https:\/\/sa.osmanlioud.net\/md\/wp-content\/uploads\/2025\/01\/OsmanliOud-Logo-150x106.png 150w, https:\/\/sa.osmanlioud.net\/md\/wp-content\/uploads\/2025\/01\/OsmanliOud-Logo-700x493.png 700w, https:\/\/sa.osmanlioud.net\/md\/wp-content\/uploads\/2025\/01\/OsmanliOud-Logo-768x541.png 768w, https:\/\/sa.osmanlioud.net\/md\/wp-content\/uploads\/2025\/01\/OsmanliOud-Logo.png 790w\" sizes=\"(max-width: 400px) 100vw, 400px\" \/>\t\t\t\t\t<\/div>\n\n\t\t\t\t\t\t<\/div>\n\t\t\t\t<\/div>\n\t\t\t\t<div class=\"elementor-element elementor-element-d94b4eb elementor-widget elementor-widget-wd_text_block\" data-id=\"d94b4eb\" data-element_type=\"widget\" data-e-type=\"widget\" data-widget_type=\"wd_text_block.default\">\n\t\t\t\t<div class=\"elementor-widget-container\">\n\t\t\t\t\t\t\t<div class=\"wd-text-block reset-last-child text-right\">\n\t\t\t\n\t\t\t<p>\u0627\u0643\u062a\u0634\u0641 \u0639\u0627\u0644\u0645 \u0627\u0644\u0623\u0646\u0627\u0642\u0629 \u0648\u0627\u0644\u0641\u062e\u0627\u0645\u0629 \u0645\u0639 \u0639\u0637\u0631 \u0639\u062b\u0645\u0627\u0646\u0644\u064a \u0644\u0644\u0639\u0648\u062f - \u062d\u064a\u062b \u062a\u0644\u062a\u0642\u064a \u0627\u0644\u062a\u0642\u0627\u0644\u064a\u062f \u0645\u0639 \u0627\u0644\u062c\u0648\u062f\u0629 \u0641\u064a \u0623\u062c\u0648\u062f \u0623\u0646\u0648\u0627\u0639 \u0627\u0644\u0639\u0648\u062f \u0648\u0627\u0644\u0639\u0637\u0648\u0631 \u0627\u0644\u0634\u0631\u0642\u064a\u0629<\/p>\n\t\t\t\t\t<\/div>\n\t\t\t\t\t\t<\/div>\n\t\t\t\t<\/div>\n\t\t\t\t<div class=\"elementor-element elementor-element-3733260 elementor-widget elementor-widget-wd_list\" data-id=\"3733260\" data-element_type=\"widget\" data-e-type=\"widget\" data-widget_type=\"wd_list.default\">\n\t\t\t\t<div class=\"elementor-widget-container\">\n\t\t\t\t\t\t\t<ul class=\"wd-list color-scheme- wd-fontsize-xs wd-type-image wd-style-default text-right\">\n\t\t\t\t\t\t\t\t\t\t\t<li class=\"elementor-repeater-item-80be36b\">\n\t\t\t\t\t\t\t\t\t\t\t<span class=\"wd-icon\"><img decoding=\"async\" width=\"20\" height=\"20\" src=\"https:\/\/sa.osmanlioud.net\/md\/wp-content\/uploads\/2025\/03\/navigation-20x20.png\" class=\"attachment-20x20 size-20x20\" alt=\"\" srcset=\"https:\/\/sa.osmanlioud.net\/md\/wp-content\/uploads\/2025\/03\/navigation-20x20.png 20w, https:\/\/sa.osmanlioud.net\/md\/wp-content\/uploads\/2025\/03\/navigation-300x300.png 300w, https:\/\/sa.osmanlioud.net\/md\/wp-content\/uploads\/2025\/03\/navigation-150x150.png 150w, https:\/\/sa.osmanlioud.net\/md\/wp-content\/uploads\/2025\/03\/navigation-430x430.png 430w, https:\/\/sa.osmanlioud.net\/md\/wp-content\/uploads\/2025\/03\/navigation-14x14.png 14w, https:\/\/sa.osmanlioud.net\/md\/wp-content\/uploads\/2025\/03\/navigation.png 512w\" sizes=\"(max-width: 20px) 100vw, 20px\" \/><\/span>\t\t\t\t\t\n\t\t\t\t\t<span class=\"wd-list-content list-content\">\n\t\t\t\t\t\t\u0627\u0644\u0639\u0631\u0627\u0642 \/ \u0628\u063a\u062f\u0627\u062f\t\t\t\t\t<\/span>\n\n\t\t\t\t\t\t\t\t\t<\/li>\n\t\t\t\t\t\t\t\t\t\t\t<li class=\"elementor-repeater-item-c383cf6\">\n\t\t\t\t\t\t\t\t\t\t\t<span class=\"wd-icon\"><img decoding=\"async\" width=\"20\" height=\"20\" src=\"https:\/\/sa.osmanlioud.net\/md\/wp-content\/uploads\/2025\/03\/iphone-20x20.png\" class=\"attachment-20x20 size-20x20\" alt=\"\" srcset=\"https:\/\/sa.osmanlioud.net\/md\/wp-content\/uploads\/2025\/03\/iphone-20x20.png 20w, https:\/\/sa.osmanlioud.net\/md\/wp-content\/uploads\/2025\/03\/iphone-300x300.png 300w, https:\/\/sa.osmanlioud.net\/md\/wp-content\/uploads\/2025\/03\/iphone-150x150.png 150w, https:\/\/sa.osmanlioud.net\/md\/wp-content\/uploads\/2025\/03\/iphone-430x430.png 430w, https:\/\/sa.osmanlioud.net\/md\/wp-content\/uploads\/2025\/03\/iphone-14x14.png 14w, https:\/\/sa.osmanlioud.net\/md\/wp-content\/uploads\/2025\/03\/iphone.png 512w\" sizes=\"(max-width: 20px) 100vw, 20px\" \/><\/span>\t\t\t\t\t\n\t\t\t\t\t<span class=\"wd-list-content list-content\">\n\t\t\t\t\t\t\u0627\u0644\u0647\u0627\u062a\u0641 : 07755641710\t\t\t\t\t<\/span>\n\n\t\t\t\t\t\n\t\t\t\t\t\t<a  href=\"tel:07755641710\" class=\"wd-fill\" aria-label=\"List item link\"><\/a>\n\t\t\t\t\t\t\t\t\t<\/li>\n\t\t\t\t\t\t\t\t\t\t\t<li class=\"elementor-repeater-item-a511145\">\n\t\t\t\t\t\t\t\t\t\t\t<span class=\"wd-icon\"><img loading=\"lazy\" decoding=\"async\" width=\"20\" height=\"20\" src=\"https:\/\/sa.osmanlioud.net\/md\/wp-content\/uploads\/2025\/03\/email-20x20.png\" class=\"attachment-20x20 size-20x20\" alt=\"\" srcset=\"https:\/\/sa.osmanlioud.net\/md\/wp-content\/uploads\/2025\/03\/email-20x20.png 20w, https:\/\/sa.osmanlioud.net\/md\/wp-content\/uploads\/2025\/03\/email-300x300.png 300w, https:\/\/sa.osmanlioud.net\/md\/wp-content\/uploads\/2025\/03\/email-150x150.png 150w, https:\/\/sa.osmanlioud.net\/md\/wp-content\/uploads\/2025\/03\/email-430x430.png 430w, https:\/\/sa.osmanlioud.net\/md\/wp-content\/uploads\/2025\/03\/email-14x14.png 14w, https:\/\/sa.osmanlioud.net\/md\/wp-content\/uploads\/2025\/03\/email.png 512w\" sizes=\"(max-width: 20px) 100vw, 20px\" \/><\/span>\t\t\t\t\t\n\t\t\t\t\t<span class=\"wd-list-content list-content\">\n\t\t\t\t\t\t\u0627\u0644\u0628\u0631\u064a\u062f \u0627\u0644\u0625\u0644\u0643\u062a\u0631\u0648\u0646\u064a : - iraq@osmanlioud.net\t\t\t\t\t<\/span>\n\n\t\t\t\t\t\n\t\t\t\t\t\t<a  href=\"http:\/\/iraq@osmanlioud.net\" class=\"wd-fill\" aria-label=\"List item link\"><\/a>\n\t\t\t\t\t\t\t\t\t<\/li>\n\t\t\t\t\t<\/ul>\n\n\t\t\t\t\t\t<\/div>\n\t\t\t\t<\/div>\n\t\t\t\t<\/div>\n\t\t<div class=\"elementor-element elementor-element-789122a e-con-full e-flex e-con e-child\" data-id=\"789122a\" data-element_type=\"container\" data-e-type=\"container\">\n\t\t\t\t<div class=\"elementor-element elementor-element-775ddc4 wd-width-100 elementor-widget elementor-widget-wd_title\" data-id=\"775ddc4\" data-element_type=\"widget\" data-e-type=\"widget\" data-widget_type=\"wd_title.default\">\n\t\t\t\t<div class=\"elementor-widget-container\">\n\t\t\t\t\t\t\t<div class=\"title-wrapper wd-set-mb reset-last-child wd-title-color-default wd-title-style-default wd-title-size-default text-right\">\n\n\t\t\t\t\t\t\t\t\t\t\t<div class=\"title-subtitle subtitle-color-default subtitle-style-default wd-fontsize-xs\">\n\t\t\t\t\t\u0645\u0639\u0644\u0648\u0645\u0627\u062a \u0639\u0646\u0627\t\t\t\t<\/div>\n\t\t\t\n\t\t\t<div class=\"liner-continer\">\n\t\t\t\t<h4 class=\"woodmart-title-container title wd-fontsize-l\">\u0627\u062a\u0635\u0644 \u0628\u0646\u0627 \u0644\u0623\u064a\u0629 \u0627\u0633\u062a\u0641\u0633\u0627\u0631\u0627\u062a<\/h4> \n\t\t\t\t\t\t\t<\/div>\n\n\t\t\t\t\t<\/div>\n\t\t\t\t\t\t<\/div>\n\t\t\t\t<\/div>\n\t\t\t\t<div class=\"elementor-element elementor-element-3c67846 wd-cf7 elementor-widget elementor-widget-wd_contact_form_7\" data-id=\"3c67846\" data-element_type=\"widget\" data-e-type=\"widget\" data-widget_type=\"wd_contact_form_7.default\">\n\t\t\t\t<div class=\"elementor-widget-container\">\n\t\t\t\t\t\n<div class=\"wpcf7 no-js\" id=\"wpcf7-f26097-o1\" lang=\"ar\" dir=\"rtl\" data-wpcf7-id=\"26097\">\n<div class=\"screen-reader-response\"><p role=\"status\" aria-live=\"polite\" aria-atomic=\"true\"><\/p> <ul><\/ul><\/div>\n<form action=\"\/md\/wp-json\/wp\/v2\/pages\/19219#wpcf7-f26097-o1\" method=\"post\" class=\"wpcf7-form init\" aria-label=\"\u0646\u0645\u0648\u0630\u062c \u0627\u0644\u0627\u062a\u0635\u0627\u0644\" novalidate=\"novalidate\" data-status=\"init\">\n<fieldset class=\"hidden-fields-container\"><input type=\"hidden\" name=\"_wpcf7\" value=\"26097\" \/><input type=\"hidden\" name=\"_wpcf7_version\" value=\"6.1.5\" \/><input type=\"hidden\" name=\"_wpcf7_locale\" value=\"ar\" \/><input type=\"hidden\" name=\"_wpcf7_unit_tag\" value=\"wpcf7-f26097-o1\" \/><input type=\"hidden\" name=\"_wpcf7_container_post\" value=\"0\" \/><input type=\"hidden\" name=\"_wpcf7_posted_data_hash\" value=\"\" \/>\n<\/fieldset>\n<div class=\"row\">\n\t<p class=\"col-md-6\"><label>\u0627\u0644\u0627\u0633\u0645<\/label><span class=\"wpcf7-form-control-wrap\" data-name=\"your-name\"><input size=\"40\" maxlength=\"400\" class=\"wpcf7-form-control wpcf7-text wpcf7-validates-as-required\" aria-required=\"true\" aria-invalid=\"false\" value=\"\" type=\"text\" name=\"your-name\" \/><\/span>\n\t<\/p>\n\t<p class=\"col-md-6\"><label>\u0627\u0644\u0628\u0631\u064a\u062f \u0627\u0644\u0625\u0644\u0643\u062a\u0631\u0648\u0646\u064a<\/label><span class=\"wpcf7-form-control-wrap\" data-name=\"your-email\"><input size=\"40\" maxlength=\"400\" class=\"wpcf7-form-control wpcf7-email wpcf7-validates-as-required wpcf7-text wpcf7-validates-as-email\" aria-required=\"true\" aria-invalid=\"false\" value=\"\" type=\"email\" name=\"your-email\" \/><\/span>\n\t<\/p>\n<\/div>\n<div class=\"row\">\n\t<p class=\"col-md-6\"><label>\u0631\u0642\u0645 \u0627\u0644\u0647\u0627\u062a\u0641<\/label><span class=\"wpcf7-form-control-wrap\" data-name=\"tel-767\"><input size=\"40\" maxlength=\"400\" class=\"wpcf7-form-control wpcf7-tel wpcf7-text wpcf7-validates-as-tel\" aria-invalid=\"false\" value=\"\" type=\"tel\" name=\"tel-767\" \/><\/span>\n\t<\/p>\n\t<p class=\"col-md-6\"><label>\u0627\u0644\u0634\u0631\u0643\u0629<\/label><span class=\"wpcf7-form-control-wrap\" data-name=\"text-1\"><input size=\"40\" maxlength=\"400\" class=\"wpcf7-form-control wpcf7-text\" aria-invalid=\"false\" value=\"\" type=\"text\" name=\"text-1\" \/><\/span>\n\t<\/p>\n<\/div>\n<p><label>\u0631\u0633\u0627\u0644\u062a\u0643<\/label><span class=\"wpcf7-form-control-wrap\" data-name=\"your-message\"><textarea cols=\"40\" rows=\"10\" maxlength=\"2000\" class=\"wpcf7-form-control wpcf7-textarea\" aria-invalid=\"false\" name=\"your-message\"><\/textarea><\/span>\n<\/p>\n<p><input class=\"wpcf7-form-control wpcf7-submit has-spinner btn-color-black\" type=\"submit\" value=\"\u0625\u0631\u0633\u0627\u0644 \u0627\u0644\u0627\u0633\u062a\u0641\u0633\u0627\u0631\" \/>\n<\/p><div class=\"wpcf7-response-output\" aria-hidden=\"true\"><\/div>\n<\/form>\n<\/div>\n\t\t\t\t<\/div>\n\t\t\t\t<\/div>\n\t\t\t\t<\/div>\n\t\t\t\t\t<\/div>\n\t\t\t\t<\/div>\n\t\t\t\t<\/div>\n\t\t","protected":false},"excerpt":{"rendered":"<p>\u0627\u0643\u062a\u0634\u0641 \u0639\u0627\u0644\u0645 \u0627\u0644\u0623\u0646\u0627\u0642\u0629 \u0648\u0627\u0644\u0641\u062e\u0627\u0645\u0629 \u0645\u0639 \u0639\u0637\u0631 \u0639\u062b\u0645\u0627\u0646\u0644\u064a \u0644\u0644\u0639\u0648\u062f &#8211; \u062d\u064a\u062b \u062a\u0644\u062a\u0642\u064a \u0627\u0644\u062a\u0642\u0627\u0644\u064a\u062f \u0645\u0639 \u0627\u0644\u062c\u0648\u062f\u0629 \u0641\u064a \u0623\u062c\u0648\u062f \u0623\u0646\u0648\u0627\u0639 \u0627\u0644\u0639\u0648\u062f \u0648\u0627\u0644\u0639\u0637\u0648\u0631 \u0627\u0644\u0634\u0631\u0642\u064a\u0629<\/p>\n","protected":false},"author":1,"featured_media":0,"parent":0,"menu_order":0,"comment_status":"closed","ping_status":"closed","template":"","meta":{"footnotes":""},"class_list":["post-19219","page","type-page","status-publish","hentry"],"yoast_head":"<!-- This site is optimized with the Yoast SEO plugin v26.9 - https:\/\/yoast.com\/product\/yoast-seo-wordpress\/ -->\n<title>\u0627\u062a\u0635\u0644 \u0628\u0646\u0627 - OSMANLIOUD<\/title>\n<meta name=\"robots\" content=\"index, follow, max-snippet:-1, max-image-preview:large, max-video-preview:-1\" \/>\n<link rel=\"canonical\" href=\"https:\/\/sa.osmanlioud.net\/md\/\u0627\u062a\u0635\u0644-\u0628\u0646\u0627\/\" \/>\n<meta property=\"og:locale\" content=\"ar_AR\" \/>\n<meta property=\"og:type\" content=\"article\" \/>\n<meta property=\"og:title\" content=\"\u0627\u062a\u0635\u0644 \u0628\u0646\u0627 - OSMANLIOUD\" \/>\n<meta property=\"og:description\" content=\"\u0627\u0643\u062a\u0634\u0641 \u0639\u0627\u0644\u0645 \u0627\u0644\u0623\u0646\u0627\u0642\u0629 \u0648\u0627\u0644\u0641\u062e\u0627\u0645\u0629 \u0645\u0639 \u0639\u0637\u0631 \u0639\u062b\u0645\u0627\u0646\u0644\u064a \u0644\u0644\u0639\u0648\u062f &#8211; \u062d\u064a\u062b \u062a\u0644\u062a\u0642\u064a \u0627\u0644\u062a\u0642\u0627\u0644\u064a\u062f \u0645\u0639 \u0627\u0644\u062c\u0648\u062f\u0629 \u0641\u064a \u0623\u062c\u0648\u062f \u0623\u0646\u0648\u0627\u0639 \u0627\u0644\u0639\u0648\u062f \u0648\u0627\u0644\u0639\u0637\u0648\u0631 \u0627\u0644\u0634\u0631\u0642\u064a\u0629\" \/>\n<meta property=\"og:url\" content=\"https:\/\/sa.osmanlioud.net\/md\/\u0627\u062a\u0635\u0644-\u0628\u0646\u0627\/\" \/>\n<meta property=\"og:site_name\" content=\"OSMANLIOUD\" \/>\n<meta property=\"article:publisher\" content=\"https:\/\/www.facebook.com\/osmanlioud.iraq\/\" \/>\n<meta property=\"article:modified_time\" content=\"2025-03-27T08:56:54+00:00\" \/>\n<meta property=\"og:image\" content=\"https:\/\/iq.osmanlioud.net\/wp-content\/uploads\/2025\/01\/OsmanliOud-Logo-400x282.png\" \/>\n<meta name=\"twitter:card\" content=\"summary_large_image\" \/>\n<script type=\"application\/ld+json\" class=\"yoast-schema-graph\">{\"@context\":\"https:\/\/schema.org\",\"@graph\":[{\"@type\":\"WebPage\",\"@id\":\"https:\/\/sa.osmanlioud.net\/md\/%d8%a7%d8%aa%d8%b5%d9%84-%d8%a8%d9%86%d8%a7\/\",\"url\":\"https:\/\/sa.osmanlioud.net\/md\/%d8%a7%d8%aa%d8%b5%d9%84-%d8%a8%d9%86%d8%a7\/\",\"name\":\"\u0627\u062a\u0635\u0644 \u0628\u0646\u0627 - OSMANLIOUD\",\"isPartOf\":{\"@id\":\"https:\/\/sa.osmanlioud.net\/md\/#website\"},\"primaryImageOfPage\":{\"@id\":\"https:\/\/sa.osmanlioud.net\/md\/%d8%a7%d8%aa%d8%b5%d9%84-%d8%a8%d9%86%d8%a7\/#primaryimage\"},\"image\":{\"@id\":\"https:\/\/sa.osmanlioud.net\/md\/%d8%a7%d8%aa%d8%b5%d9%84-%d8%a8%d9%86%d8%a7\/#primaryimage\"},\"thumbnailUrl\":\"https:\/\/iq.osmanlioud.net\/wp-content\/uploads\/2025\/01\/OsmanliOud-Logo-400x282.png\",\"datePublished\":\"2021-10-12T16:27:24+00:00\",\"dateModified\":\"2025-03-27T08:56:54+00:00\",\"breadcrumb\":{\"@id\":\"https:\/\/sa.osmanlioud.net\/md\/%d8%a7%d8%aa%d8%b5%d9%84-%d8%a8%d9%86%d8%a7\/#breadcrumb\"},\"inLanguage\":\"ar\",\"potentialAction\":[{\"@type\":\"ReadAction\",\"target\":[\"https:\/\/sa.osmanlioud.net\/md\/%d8%a7%d8%aa%d8%b5%d9%84-%d8%a8%d9%86%d8%a7\/\"]}]},{\"@type\":\"ImageObject\",\"inLanguage\":\"ar\",\"@id\":\"https:\/\/sa.osmanlioud.net\/md\/%d8%a7%d8%aa%d8%b5%d9%84-%d8%a8%d9%86%d8%a7\/#primaryimage\",\"url\":\"https:\/\/iq.osmanlioud.net\/wp-content\/uploads\/2025\/01\/OsmanliOud-Logo-400x282.png\",\"contentUrl\":\"https:\/\/iq.osmanlioud.net\/wp-content\/uploads\/2025\/01\/OsmanliOud-Logo-400x282.png\"},{\"@type\":\"BreadcrumbList\",\"@id\":\"https:\/\/sa.osmanlioud.net\/md\/%d8%a7%d8%aa%d8%b5%d9%84-%d8%a8%d9%86%d8%a7\/#breadcrumb\",\"itemListElement\":[{\"@type\":\"ListItem\",\"position\":1,\"name\":\"\u0627\u0644\u0631\u0626\u064a\u0633\u064a\u0629\",\"item\":\"https:\/\/sa.osmanlioud.net\/md\/\"},{\"@type\":\"ListItem\",\"position\":2,\"name\":\"\u0627\u062a\u0635\u0644 \u0628\u0646\u0627\"}]},{\"@type\":\"WebSite\",\"@id\":\"https:\/\/sa.osmanlioud.net\/md\/#website\",\"url\":\"https:\/\/sa.osmanlioud.net\/md\/\",\"name\":\"OSMANLIOUD\",\"description\":\"THE IMPRESSIVE SCENT OF THE EMPIRE\",\"publisher\":{\"@id\":\"https:\/\/sa.osmanlioud.net\/md\/#organization\"},\"potentialAction\":[{\"@type\":\"SearchAction\",\"target\":{\"@type\":\"EntryPoint\",\"urlTemplate\":\"https:\/\/sa.osmanlioud.net\/md\/?s={search_term_string}\"},\"query-input\":{\"@type\":\"PropertyValueSpecification\",\"valueRequired\":true,\"valueName\":\"search_term_string\"}}],\"inLanguage\":\"ar\"},{\"@type\":\"Organization\",\"@id\":\"https:\/\/sa.osmanlioud.net\/md\/#organization\",\"name\":\"OSMANLIOUD\",\"url\":\"https:\/\/sa.osmanlioud.net\/md\/\",\"logo\":{\"@type\":\"ImageObject\",\"inLanguage\":\"ar\",\"@id\":\"https:\/\/sa.osmanlioud.net\/md\/#\/schema\/logo\/image\/\",\"url\":\"\",\"contentUrl\":\"\",\"caption\":\"OSMANLIOUD\"},\"image\":{\"@id\":\"https:\/\/sa.osmanlioud.net\/md\/#\/schema\/logo\/image\/\"},\"sameAs\":[\"https:\/\/www.facebook.com\/osmanlioud.iraq\/\",\"https:\/\/www.instagram.com\/osmanlioud.iraq\/?hl=ar\"]}]}<\/script>\n<!-- \/ Yoast SEO plugin. -->","yoast_head_json":{"title":"\u0627\u062a\u0635\u0644 \u0628\u0646\u0627 - OSMANLIOUD","robots":{"index":"index","follow":"follow","max-snippet":"max-snippet:-1","max-image-preview":"max-image-preview:large","max-video-preview":"max-video-preview:-1"},"canonical":"https:\/\/sa.osmanlioud.net\/md\/\u0627\u062a\u0635\u0644-\u0628\u0646\u0627\/","og_locale":"ar_AR","og_type":"article","og_title":"\u0627\u062a\u0635\u0644 \u0628\u0646\u0627 - OSMANLIOUD","og_description":"\u0627\u0643\u062a\u0634\u0641 \u0639\u0627\u0644\u0645 \u0627\u0644\u0623\u0646\u0627\u0642\u0629 \u0648\u0627\u0644\u0641\u062e\u0627\u0645\u0629 \u0645\u0639 \u0639\u0637\u0631 \u0639\u062b\u0645\u0627\u0646\u0644\u064a \u0644\u0644\u0639\u0648\u062f &#8211; \u062d\u064a\u062b \u062a\u0644\u062a\u0642\u064a \u0627\u0644\u062a\u0642\u0627\u0644\u064a\u062f \u0645\u0639 \u0627\u0644\u062c\u0648\u062f\u0629 \u0641\u064a \u0623\u062c\u0648\u062f \u0623\u0646\u0648\u0627\u0639 \u0627\u0644\u0639\u0648\u062f \u0648\u0627\u0644\u0639\u0637\u0648\u0631 \u0627\u0644\u0634\u0631\u0642\u064a\u0629","og_url":"https:\/\/sa.osmanlioud.net\/md\/\u0627\u062a\u0635\u0644-\u0628\u0646\u0627\/","og_site_name":"OSMANLIOUD","article_publisher":"https:\/\/www.facebook.com\/osmanlioud.iraq\/","article_modified_time":"2025-03-27T08:56:54+00:00","og_image":[{"url":"https:\/\/iq.osmanlioud.net\/wp-content\/uploads\/2025\/01\/OsmanliOud-Logo-400x282.png","type":"","width":"","height":""}],"twitter_card":"summary_large_image","schema":{"@context":"https:\/\/schema.org","@graph":[{"@type":"WebPage","@id":"https:\/\/sa.osmanlioud.net\/md\/%d8%a7%d8%aa%d8%b5%d9%84-%d8%a8%d9%86%d8%a7\/","url":"https:\/\/sa.osmanlioud.net\/md\/%d8%a7%d8%aa%d8%b5%d9%84-%d8%a8%d9%86%d8%a7\/","name":"\u0627\u062a\u0635\u0644 \u0628\u0646\u0627 - OSMANLIOUD","isPartOf":{"@id":"https:\/\/sa.osmanlioud.net\/md\/#website"},"primaryImageOfPage":{"@id":"https:\/\/sa.osmanlioud.net\/md\/%d8%a7%d8%aa%d8%b5%d9%84-%d8%a8%d9%86%d8%a7\/#primaryimage"},"image":{"@id":"https:\/\/sa.osmanlioud.net\/md\/%d8%a7%d8%aa%d8%b5%d9%84-%d8%a8%d9%86%d8%a7\/#primaryimage"},"thumbnailUrl":"https:\/\/iq.osmanlioud.net\/wp-content\/uploads\/2025\/01\/OsmanliOud-Logo-400x282.png","datePublished":"2021-10-12T16:27:24+00:00","dateModified":"2025-03-27T08:56:54+00:00","breadcrumb":{"@id":"https:\/\/sa.osmanlioud.net\/md\/%d8%a7%d8%aa%d8%b5%d9%84-%d8%a8%d9%86%d8%a7\/#breadcrumb"},"inLanguage":"ar","potentialAction":[{"@type":"ReadAction","target":["https:\/\/sa.osmanlioud.net\/md\/%d8%a7%d8%aa%d8%b5%d9%84-%d8%a8%d9%86%d8%a7\/"]}]},{"@type":"ImageObject","inLanguage":"ar","@id":"https:\/\/sa.osmanlioud.net\/md\/%d8%a7%d8%aa%d8%b5%d9%84-%d8%a8%d9%86%d8%a7\/#primaryimage","url":"https:\/\/iq.osmanlioud.net\/wp-content\/uploads\/2025\/01\/OsmanliOud-Logo-400x282.png","contentUrl":"https:\/\/iq.osmanlioud.net\/wp-content\/uploads\/2025\/01\/OsmanliOud-Logo-400x282.png"},{"@type":"BreadcrumbList","@id":"https:\/\/sa.osmanlioud.net\/md\/%d8%a7%d8%aa%d8%b5%d9%84-%d8%a8%d9%86%d8%a7\/#breadcrumb","itemListElement":[{"@type":"ListItem","position":1,"name":"\u0627\u0644\u0631\u0626\u064a\u0633\u064a\u0629","item":"https:\/\/sa.osmanlioud.net\/md\/"},{"@type":"ListItem","position":2,"name":"\u0627\u062a\u0635\u0644 \u0628\u0646\u0627"}]},{"@type":"WebSite","@id":"https:\/\/sa.osmanlioud.net\/md\/#website","url":"https:\/\/sa.osmanlioud.net\/md\/","name":"OSMANLIOUD","description":"THE IMPRESSIVE SCENT OF THE EMPIRE","publisher":{"@id":"https:\/\/sa.osmanlioud.net\/md\/#organization"},"potentialAction":[{"@type":"SearchAction","target":{"@type":"EntryPoint","urlTemplate":"https:\/\/sa.osmanlioud.net\/md\/?s={search_term_string}"},"query-input":{"@type":"PropertyValueSpecification","valueRequired":true,"valueName":"search_term_string"}}],"inLanguage":"ar"},{"@type":"Organization","@id":"https:\/\/sa.osmanlioud.net\/md\/#organization","name":"OSMANLIOUD","url":"https:\/\/sa.osmanlioud.net\/md\/","logo":{"@type":"ImageObject","inLanguage":"ar","@id":"https:\/\/sa.osmanlioud.net\/md\/#\/schema\/logo\/image\/","url":"","contentUrl":"","caption":"OSMANLIOUD"},"image":{"@id":"https:\/\/sa.osmanlioud.net\/md\/#\/schema\/logo\/image\/"},"sameAs":["https:\/\/www.facebook.com\/osmanlioud.iraq\/","https:\/\/www.instagram.com\/osmanlioud.iraq\/?hl=ar"]}]}},"_links":{"self":[{"href":"https:\/\/sa.osmanlioud.net\/md\/wp-json\/wp\/v2\/pages\/19219","targetHints":{"allow":["GET"]}}],"collection":[{"href":"https:\/\/sa.osmanlioud.net\/md\/wp-json\/wp\/v2\/pages"}],"about":[{"href":"https:\/\/sa.osmanlioud.net\/md\/wp-json\/wp\/v2\/types\/page"}],"author":[{"embeddable":true,"href":"https:\/\/sa.osmanlioud.net\/md\/wp-json\/wp\/v2\/users\/1"}],"replies":[{"embeddable":true,"href":"https:\/\/sa.osmanlioud.net\/md\/wp-json\/wp\/v2\/comments?post=19219"}],"version-history":[{"count":0,"href":"https:\/\/sa.osmanlioud.net\/md\/wp-json\/wp\/v2\/pages\/19219\/revisions"}],"wp:attachment":[{"href":"https:\/\/sa.osmanlioud.net\/md\/wp-json\/wp\/v2\/media?parent=19219"}],"curies":[{"name":"wp","href":"https:\/\/api.w.org\/{rel}","templated":true}]}}